{"id":25,"date":"2018-03-17T07:18:16","date_gmt":"2018-03-17T07:18:16","guid":{"rendered":"http:\/\/prodottilocali.ch\/?page_id=25"},"modified":"2026-04-29T08:22:17","modified_gmt":"2026-04-29T08:22:17","slug":"homepage","status":"publish","type":"page","link":"https:\/\/prodottilocali.ch\/","title":{"rendered":"Benvenuti"},"content":{"rendered":"\n<p><strong><a href=\"https:\/\/prodottilocali.ch\/?page_id=338\">ISCRIZIONI 2026<\/a><\/strong><\/p>\n\n\n\n<p><mark style=\"background-color:rgba(0, 0, 0, 0)\" class=\"has-inline-color has-vivid-green-cyan-color\"><a href=\"https:\/\/prodottilocali.ch\/?page_id=338\">SONO APERTE LE ISCRIZIONI PER L&#8217;EDIZIONE 20026!<\/a><\/mark><\/p>\n\n\n\n<p>La Societ\u00e0 commercianti industriali e artigiani del Locarnese con la partecipazione della Fondazione Parco del Piano di Magadino e Alpinavera, organizza un mercato di prodotti locali in Piazza Grande a Locarno.<\/p>\n\n\n\n<p>Circa 70 espositori presentano i loro prodotti che vanno da frutta e verdura, formaggi, salumi, vini e liquori e prodotti dell\u2019artigianato. Il tutto \u00e8 rigorosamente confezionato sul nostro territorio e l\u2019area di provenienza (lavorazione) dei prodotti \u00e8 autoctona e comprende tutto il Canton Ticino e il resto della Svizzera. Lo scopo della manifestazione \u00e8 di fare conoscere, sia alla popolazione residente, sia ai turisti la variet\u00e0 della produzione legata al territorio.<\/p>\n\n\n\n<p><span style=\"color: #ffffff;\"><strong>Con il sostegno di:<\/strong><\/span><\/p>\n\n\n\n<figure class=\"wp-block-image size-large\"><img loading=\"lazy\" decoding=\"async\" width=\"228\" height=\"85\" src=\"https:\/\/prodottilocali.ch\/wp-content\/uploads\/2022\/04\/Screenshot-2022-04-30-at-16.36.42.jpg\" alt=\"\" class=\"wp-image-495\"\/><\/figure>\n\n\n\n<figure class=\"wp-block-image size-large\"><img loading=\"lazy\" decoding=\"async\" width=\"482\" height=\"177\" src=\"https:\/\/prodottilocali.ch\/wp-content\/uploads\/2019\/09\/ETT-Ascona-Locarno.png\" alt=\"\" class=\"wp-image-247\" srcset=\"https:\/\/prodottilocali.ch\/wp-content\/uploads\/2019\/09\/ETT-Ascona-Locarno.png 482w, https:\/\/prodottilocali.ch\/wp-content\/uploads\/2019\/09\/ETT-Ascona-Locarno-300x110.png 300w\" sizes=\"auto, (max-width: 482px) 100vw, 482px\" \/><\/figure>\n\n\n\n<figure class=\"wp-block-image size-large\"><img loading=\"lazy\" decoding=\"async\" width=\"300\" height=\"106\" src=\"https:\/\/prodottilocali.ch\/wp-content\/uploads\/2020\/09\/alpina.png\" alt=\"\" class=\"wp-image-270\"\/><\/figure>\n\n\n\n<figure class=\"wp-block-image size-full\"><img loading=\"lazy\" decoding=\"async\" width=\"174\" height=\"26\" src=\"https:\/\/prodottilocali.ch\/wp-content\/uploads\/2018\/05\/RAIFFEISEN.png\" alt=\"\" class=\"wp-image-163\"\/><\/figure>\n\n\n\n<figure class=\"wp-block-image size-large\"><img loading=\"lazy\" decoding=\"async\" width=\"350\" height=\"200\" src=\"https:\/\/prodottilocali.ch\/wp-content\/uploads\/2019\/09\/parco-del-piano_white.jpg\" alt=\"\" class=\"wp-image-254\" srcset=\"https:\/\/prodottilocali.ch\/wp-content\/uploads\/2019\/09\/parco-del-piano_white.jpg 350w, https:\/\/prodottilocali.ch\/wp-content\/uploads\/2019\/09\/parco-del-piano_white-300x171.jpg 300w\" sizes=\"auto, (max-width: 350px) 100vw, 350px\" \/><\/figure>\n\n\n\n<figure class=\"wp-block-image size-large\"><img loading=\"lazy\" decoding=\"async\" width=\"278\" height=\"126\" src=\"https:\/\/prodottilocali.ch\/wp-content\/uploads\/2021\/08\/image002.jpg\" alt=\"\" class=\"wp-image-345\"\/><\/figure>\n\n\n\n<figure class=\"wp-block-image size-full is-resized\"><img loading=\"lazy\" decoding=\"async\" width=\"328\" height=\"318\" src=\"https:\/\/prodottilocali.ch\/wp-content\/uploads\/2022\/05\/Screenshot-2022-05-29-at-18.36.34-1.jpg\" alt=\"\" class=\"wp-image-510\" style=\"width:188px;height:182px\" srcset=\"https:\/\/prodottilocali.ch\/wp-content\/uploads\/2022\/05\/Screenshot-2022-05-29-at-18.36.34-1.jpg 328w, https:\/\/prodottilocali.ch\/wp-content\/uploads\/2022\/05\/Screenshot-2022-05-29-at-18.36.34-1-300x291.jpg 300w\" sizes=\"auto, (max-width: 328px) 100vw, 328px\" \/><\/figure>\n\n\n\n<figure class=\"wp-block-image size-full is-resized\"><img loading=\"lazy\" decoding=\"async\" width=\"812\" height=\"782\" src=\"https:\/\/prodottilocali.ch\/wp-content\/uploads\/2025\/06\/Screenshot-2025-06-23-at-06.16.33.jpg\" alt=\"\" class=\"wp-image-848\" style=\"width:266px;height:auto\" srcset=\"https:\/\/prodottilocali.ch\/wp-content\/uploads\/2025\/06\/Screenshot-2025-06-23-at-06.16.33.jpg 812w, https:\/\/prodottilocali.ch\/wp-content\/uploads\/2025\/06\/Screenshot-2025-06-23-at-06.16.33-300x289.jpg 300w, https:\/\/prodottilocali.ch\/wp-content\/uploads\/2025\/06\/Screenshot-2025-06-23-at-06.16.33-768x740.jpg 768w\" sizes=\"auto, (max-width: 767px) 89vw, (max-width: 1000px) 54vw, (max-width: 1071px) 543px, 580px\" \/><\/figure>\n\n\n\n<p><\/p>\n","protected":false},"excerpt":{"rendered":"<p>ISCRIZIONI 2026 SONO APERTE LE ISCRIZIONI PER L&#8217;EDIZIONE 20026! La Societ\u00e0 commercianti industriali e artigiani del Locarnese con la partecipazione della Fondazione Parco del Piano di Magadino e Alpinavera, organizza un mercato di prodotti locali in Piazza Grande a Locarno. Circa 70 espositori presentano i loro prodotti che vanno da frutta e verdura, formaggi, salumi, &hellip; <\/p>\n<p class=\"link-more\"><a href=\"https:\/\/prodottilocali.ch\/\" class=\"more-link\">Leggi tutto<span class=\"screen-reader-text\"> &#8220;Benvenuti&#8221;<\/span><\/a><\/p>\n","protected":false},"author":1,"featured_media":0,"parent":0,"menu_order":0,"comment_status":"closed","ping_status":"closed","template":"","meta":{"footnotes":""},"class_list":["post-25","page","type-page","status-publish","hentry"],"_links":{"self":[{"href":"https:\/\/prodottilocali.ch\/index.php?rest_route=\/wp\/v2\/pages\/25","targetHints":{"allow":["GET"]}}],"collection":[{"href":"https:\/\/prodottilocali.ch\/index.php?rest_route=\/wp\/v2\/pages"}],"about":[{"href":"https:\/\/prodottilocali.ch\/index.php?rest_route=\/wp\/v2\/types\/page"}],"author":[{"embeddable":true,"href":"https:\/\/prodottilocali.ch\/index.php?rest_route=\/wp\/v2\/users\/1"}],"replies":[{"embeddable":true,"href":"https:\/\/prodottilocali.ch\/index.php?rest_route=%2Fwp%2Fv2%2Fcomments&post=25"}],"version-history":[{"count":76,"href":"https:\/\/prodottilocali.ch\/index.php?rest_route=\/wp\/v2\/pages\/25\/revisions"}],"predecessor-version":[{"id":876,"href":"https:\/\/prodottilocali.ch\/index.php?rest_route=\/wp\/v2\/pages\/25\/revisions\/876"}],"wp:attachment":[{"href":"https:\/\/prodottilocali.ch\/index.php?rest_route=%2Fwp%2Fv2%2Fmedia&parent=25"}],"curies":[{"name":"wp","href":"https:\/\/api.w.org\/{rel}","templated":true}]}}